{"id":68296,"date":"2022-12-18T20:57:30","date_gmt":"2022-12-18T19:57:30","guid":{"rendered":"https:\/\/www.zero-yen-media.fr\/home\/?page_id=68296"},"modified":"2023-01-18T11:43:22","modified_gmt":"2023-01-18T10:43:22","slug":"maintenance","status":"publish","type":"page","link":"https:\/\/www.zero-yen-media.fr\/home\/","title":{"rendered":"Maintenance"},"content":{"rendered":"<h1>&nbsp;<\/h1>\n<h1 style=\"text-align: center;\"><span style=\"color: #ff0000;\">Le site de Zero Yen Media a d\u00e9m\u00e9nag\u00e9 !<\/span><\/h1>\n<p style=\"text-align: center;\"><img loading=\"lazy\" decoding=\"async\" class=\"aligncenter size-full wp-image-58124\" src=\"https:\/\/www.zero-yen-media.fr\/home\/wp-content\/uploads\/2016\/06\/Zero_Yen_maintenance.jpg\" alt=\"\" width=\"125\" height=\"186\"><\/p>\n<p>&nbsp;<\/p>\n<p style=\"text-align: center;\">Dans 2 secondes, vous serez automatiquement redirig\u00e9 vers notre nouveau site !<br \/>\nSi ce n&rsquo;est pas le cas, rendez-vous <strong><a href=\"https:\/\/www.zero-yen-media.fr\/home2\">\u00e0 cette adresse<\/a><\/strong>.<\/p>\n<p>&nbsp;<\/p>\n<p style=\"text-align: center;\">In 2 seconds, you will be redirected to our new website!<br \/>\nIf you&rsquo;re not, please go <strong><a href=\"https:\/\/www.zero-yen-media.fr\/home2\">to this address<\/a>.<\/strong><\/p>\n<script>      function redirectFunc() {\r\n        window.location.replace(\"https:\/\/www.zero-yen-media.fr\/home2\");\r\n      }\r\n      setTimeout(\"redirectFunc()\", 1500);<\/script>\n","protected":false},"excerpt":{"rendered":"<p>&nbsp; Le site de Zero Yen Media a d\u00e9m\u00e9nag\u00e9 ! &nbsp; Dans 2 secondes, vous serez automatiquement redirig\u00e9 vers notre nouveau site ! Si ce n&rsquo;est pas le cas, rendez-vous \u00e0 cette adresse. &nbsp; In 2 seconds, you will be redirected to our new website! If you&rsquo;re not, please go to this address.<\/p>\n","protected":false},"author":2,"featured_media":0,"parent":0,"menu_order":0,"comment_status":"closed","ping_status":"closed","template":"templates\/wpmm-page-template.php","meta":{"ngg_post_thumbnail":0,"footnotes":""},"class_list":["post-68296","page","type-page","status-publish","hentry"],"_links":{"self":[{"href":"https:\/\/www.zero-yen-media.fr\/home\/index.php\/wp-json\/wp\/v2\/pages\/68296","targetHints":{"allow":["GET"]}}],"collection":[{"href":"https:\/\/www.zero-yen-media.fr\/home\/index.php\/wp-json\/wp\/v2\/pages"}],"about":[{"href":"https:\/\/www.zero-yen-media.fr\/home\/index.php\/wp-json\/wp\/v2\/types\/page"}],"author":[{"embeddable":true,"href":"https:\/\/www.zero-yen-media.fr\/home\/index.php\/wp-json\/wp\/v2\/users\/2"}],"replies":[{"embeddable":true,"href":"https:\/\/www.zero-yen-media.fr\/home\/index.php\/wp-json\/wp\/v2\/comments?post=68296"}],"version-history":[{"count":9,"href":"https:\/\/www.zero-yen-media.fr\/home\/index.php\/wp-json\/wp\/v2\/pages\/68296\/revisions"}],"predecessor-version":[{"id":68310,"href":"https:\/\/www.zero-yen-media.fr\/home\/index.php\/wp-json\/wp\/v2\/pages\/68296\/revisions\/68310"}],"wp:attachment":[{"href":"https:\/\/www.zero-yen-media.fr\/home\/index.php\/wp-json\/wp\/v2\/media?parent=68296"}],"curies":[{"name":"wp","href":"https:\/\/api.w.org\/{rel}","templated":true}]}}